{"id":5403,"date":"2025-02-27T15:48:19","date_gmt":"2025-02-27T15:48:19","guid":{"rendered":"https:\/\/finstrategia.com\/?post_type=product&#038;p=5403"},"modified":"2025-09-17T08:05:31","modified_gmt":"2025-09-17T08:05:31","slug":"niveau-1-essentiel","status":"publish","type":"product","link":"https:\/\/finstrategia.com\/en\/product\/niveau-1-essentiel\/","title":{"rendered":"Niveau 1 : Essentiel"},"content":{"rendered":"<p>Contenu du package Essentiel :<\/p>\n<p>1. Obtention d\u2019un statut l\u00e9gal :<br \/>\n&#8211; Self-Employed, Auto-entrepreneur, Agent de distribution, ou VDI (Vendeur \u00e0 Domicile Ind\u00e9pendant) selon le pays et la situation de l\u2019entrepreneur.<br \/>\n&#8211; Formalit\u00e9s administratives et enregistrement aupr\u00e8s des autorit\u00e9s locales pour avoir un statut l\u00e9gal reconnu.<\/p>\n<p>2. Conseils sur le choix du statut juridique :<br \/>\n&#8211; Consultation initiale pour expliquer les diff\u00e9rents statuts l\u00e9gaux possibles selon les besoins de l\u2019entrepreneur.<\/p>\n<p>3. Documents juridiques n\u00e9cessaires :<br \/>\n&#8211; Fourniture des documents et formulaires n\u00e9cessaires pour d\u00e9clarer l\u2019activit\u00e9, ainsi que des instructions sur la proc\u00e9dure de d\u00e9p\u00f4t.<\/p>\n<p>4. Acc\u00e8s \u00e0 une plateforme de suivi des d\u00e9marches administratives :<br \/>\n&#8211; Suivi en ligne des d\u00e9marches et mise \u00e0 jour sur l\u2019avancement du dossier.<\/p>\n<p>5. Support client pour les d\u00e9marches administratives :<br \/>\n&#8211; Aide \u00e0 la compr\u00e9hension des d\u00e9marches administratives pour s\u2019assurer que le processus se passe sans accroc.<\/p>","protected":false},"excerpt":{"rendered":"<p>Le niveau de base destin\u00e9 aux entrepreneurs qui veulent se lancer en toute l\u00e9galit\u00e9 dans l&#8217;entreprenariat, en leur fournissant les documents et les bases n\u00e9cessaires pour d\u00e9marrer leur activit\u00e9.<\/p>","protected":false},"featured_media":5150,"comment_status":"open","ping_status":"closed","template":"","meta":{"_acf_changed":false},"product_brand":[],"product_cat":[41],"product_tag":[],"class_list":{"0":"post-5403","1":"product","2":"type-product","3":"status-publish","4":"has-post-thumbnail","6":"product_cat-pack","8":"first","9":"instock","10":"shipping-taxable","11":"purchasable","12":"product-type-simple"},"acf":[],"_links":{"self":[{"href":"https:\/\/finstrategia.com\/en\/wp-json\/wp\/v2\/product\/5403","targetHints":{"allow":["GET"]}}],"collection":[{"href":"https:\/\/finstrategia.com\/en\/wp-json\/wp\/v2\/product"}],"about":[{"href":"https:\/\/finstrategia.com\/en\/wp-json\/wp\/v2\/types\/product"}],"replies":[{"embeddable":true,"href":"https:\/\/finstrategia.com\/en\/wp-json\/wp\/v2\/comments?post=5403"}],"wp:featuredmedia":[{"embeddable":true,"href":"https:\/\/finstrategia.com\/en\/wp-json\/wp\/v2\/media\/5150"}],"wp:attachment":[{"href":"https:\/\/finstrategia.com\/en\/wp-json\/wp\/v2\/media?parent=5403"}],"wp:term":[{"taxonomy":"product_brand","embeddable":true,"href":"https:\/\/finstrategia.com\/en\/wp-json\/wp\/v2\/product_brand?post=5403"},{"taxonomy":"product_cat","embeddable":true,"href":"https:\/\/finstrategia.com\/en\/wp-json\/wp\/v2\/product_cat?post=5403"},{"taxonomy":"product_tag","embeddable":true,"href":"https:\/\/finstrategia.com\/en\/wp-json\/wp\/v2\/product_tag?post=5403"}],"curies":[{"name":"wp","href":"https:\/\/api.w.org\/{rel}","templated":true}]}}