{"id":5401,"date":"2025-02-27T15:46:18","date_gmt":"2025-02-27T15:46:18","guid":{"rendered":"https:\/\/finstrategia.com\/?post_type=product&#038;p=5401"},"modified":"2025-11-17T06:27:53","modified_gmt":"2025-11-17T06:27:53","slug":"niveau-3-premium","status":"publish","type":"product","link":"https:\/\/finstrategia.com\/en\/product\/niveau-3-premium\/","title":{"rendered":"Niveau 3 : Premium"},"content":{"rendered":"<p>Contenu du package Premium :<\/p>\n<p>1. Cr\u00e9ation d&#8217;une soci\u00e9t\u00e9 GBC 2 \u00e0 l\u2019\u00eele Maurice :<br \/>\n&#8211; Enregistrement d\u2019une soci\u00e9t\u00e9 sous la forme Global Business Company (GBC 2), une structure sp\u00e9cialement con\u00e7ue pour les entreprises internationales.<br \/>\n&#8211; Fourniture d&#8217;une adresse de domiciliation \u00e0 Maurice et gestion des aspects juridiques li\u00e9s \u00e0 la constitution de la soci\u00e9t\u00e9.<\/p>\n<p>2. Avantages fiscaux et optimisation des revenus :<br \/>\n&#8211; La GBC 2 b\u00e9n\u00e9ficie d\u2019une exon\u00e9ration fiscale sur les revenus \u00e9trangers, permettant une gestion plus avantageuse des revenus \u00e0 l\u2019international.<br \/>\n&#8211; Conseils pour maximiser les avantages fiscaux de la structure GBC 2 et r\u00e9duire les imp\u00f4ts en optimisant la r\u00e9partition des b\u00e9n\u00e9fices.<\/p>\n<p>3. Introduction bancaire internationale :<br \/>\n&#8211; Ouverture d\u2019un compte bancaire professionnel \u00e0 Maurice ou dans une autre juridiction offshore pour g\u00e9rer les finances de la soci\u00e9t\u00e9.<br \/>\n&#8211; Acc\u00e8s aux services bancaires internationaux, avec possibilit\u00e9 de transfert de fonds entre diff\u00e9rents comptes internationaux.<\/p>\n<p>4. Services de comptabilit\u00e9 et conformit\u00e9 :<br \/>\n&#8211; Mise en place des processus comptables pour assurer la conformit\u00e9 aux normes internationales.<br \/>\n&#8211; Pr\u00e9paration des rapports financiers annuels et gestion de la comptabilit\u00e9 pour respecter les obligations locales.<\/p>\n<p>5. Consultation juridique et gestion d\u2019entreprise :<br \/>\n&#8211; Consultation r\u00e9guli\u00e8re pour assurer la bonne gestion de l\u2019entreprise GBC 2, en respectant les r\u00e9glementations locales et internationales.<br \/>\n&#8211; Aide \u00e0 l\u2019\u00e9laboration de la strat\u00e9gie d\u2019entreprise \u00e0 long terme, \u00e0 la gestion des risques, et \u00e0 l\u2019optimisation de la structure.<\/p>\n<p>6. Support administratif complet :<br \/>\n&#8211; Assistance dans le suivi administratif de l\u2019entreprise : pr\u00e9paration des documents l\u00e9gaux, gestion des statuts et des formalit\u00e9s locales.<\/p>\n<p>7. Acc\u00e8s \u00e0 des services de support international :<br \/>\n&#8211; Connexion avec un r\u00e9seau de partenaires \u00e0 Maurice et \u00e0 l\u2019international pour aider \u00e0 la croissance de l\u2019entreprise, y compris des avocats, des comptables, et des experts en strat\u00e9gie.<\/p>\n<p>8. Assistance 24\/7 :<br \/>\n&#8211; Support client permanent pour r\u00e9pondre aux questions urgentes et aider \u00e0 r\u00e9soudre les probl\u00e8mes administratifs ou financiers.<\/p>","protected":false},"excerpt":{"rendered":"<p>Le niveau Premium offre une solution compl\u00e8te pour les entrepreneurs qui veulent \u00e9tablir une entreprise \u00e0 Maurice sous la forme d\u2019une Global Business Company (GBC 2), une structure l\u00e9gale internationale avec des avantages fiscaux tr\u00e8s attractifs.<\/p>","protected":false},"featured_media":5130,"comment_status":"open","ping_status":"closed","template":"","meta":{"_acf_changed":false},"product_brand":[],"product_cat":[41],"product_tag":[],"class_list":{"0":"post-5401","1":"product","2":"type-product","3":"status-publish","4":"has-post-thumbnail","6":"product_cat-pack","8":"first","9":"instock","10":"shipping-taxable","11":"purchasable","12":"product-type-simple"},"acf":[],"_links":{"self":[{"href":"https:\/\/finstrategia.com\/en\/wp-json\/wp\/v2\/product\/5401","targetHints":{"allow":["GET"]}}],"collection":[{"href":"https:\/\/finstrategia.com\/en\/wp-json\/wp\/v2\/product"}],"about":[{"href":"https:\/\/finstrategia.com\/en\/wp-json\/wp\/v2\/types\/product"}],"replies":[{"embeddable":true,"href":"https:\/\/finstrategia.com\/en\/wp-json\/wp\/v2\/comments?post=5401"}],"wp:featuredmedia":[{"embeddable":true,"href":"https:\/\/finstrategia.com\/en\/wp-json\/wp\/v2\/media\/5130"}],"wp:attachment":[{"href":"https:\/\/finstrategia.com\/en\/wp-json\/wp\/v2\/media?parent=5401"}],"wp:term":[{"taxonomy":"product_brand","embeddable":true,"href":"https:\/\/finstrategia.com\/en\/wp-json\/wp\/v2\/product_brand?post=5401"},{"taxonomy":"product_cat","embeddable":true,"href":"https:\/\/finstrategia.com\/en\/wp-json\/wp\/v2\/product_cat?post=5401"},{"taxonomy":"product_tag","embeddable":true,"href":"https:\/\/finstrategia.com\/en\/wp-json\/wp\/v2\/product_tag?post=5401"}],"curies":[{"name":"wp","href":"https:\/\/api.w.org\/{rel}","templated":true}]}}