{"id":5399,"date":"2025-02-27T15:43:46","date_gmt":"2025-02-27T15:43:46","guid":{"rendered":"https:\/\/finstrategia.com\/?post_type=product&#038;p=5399"},"modified":"2025-03-27T04:21:55","modified_gmt":"2025-03-27T04:21:55","slug":"essentiel","status":"publish","type":"product","link":"https:\/\/finstrategia.com\/en\/product\/essentiel\/","title":{"rendered":"Ambassadeurs LEADER : Essentiel"},"content":{"rendered":"<p>Obtention du statut l\u00e9gal pour exercer dans le marketing de r\u00e9seau, avec des conseils sur les statuts juridiques et la cr\u00e9ation d&#8217;entreprise.<\/p>","protected":false},"excerpt":{"rendered":"<p>Pour les ambassadeurs LEADER<\/p>","protected":false},"featured_media":5122,"comment_status":"open","ping_status":"closed","template":"","meta":{"_acf_changed":false},"product_brand":[],"product_cat":[42],"product_tag":[],"class_list":{"0":"post-5399","1":"product","2":"type-product","3":"status-publish","4":"has-post-thumbnail","6":"product_cat-ambassadeurs-leader","8":"first","9":"instock","10":"sale","11":"shipping-taxable","12":"purchasable","13":"product-type-simple"},"acf":[],"_links":{"self":[{"href":"https:\/\/finstrategia.com\/en\/wp-json\/wp\/v2\/product\/5399","targetHints":{"allow":["GET"]}}],"collection":[{"href":"https:\/\/finstrategia.com\/en\/wp-json\/wp\/v2\/product"}],"about":[{"href":"https:\/\/finstrategia.com\/en\/wp-json\/wp\/v2\/types\/product"}],"replies":[{"embeddable":true,"href":"https:\/\/finstrategia.com\/en\/wp-json\/wp\/v2\/comments?post=5399"}],"wp:featuredmedia":[{"embeddable":true,"href":"https:\/\/finstrategia.com\/en\/wp-json\/wp\/v2\/media\/5122"}],"wp:attachment":[{"href":"https:\/\/finstrategia.com\/en\/wp-json\/wp\/v2\/media?parent=5399"}],"wp:term":[{"taxonomy":"product_brand","embeddable":true,"href":"https:\/\/finstrategia.com\/en\/wp-json\/wp\/v2\/product_brand?post=5399"},{"taxonomy":"product_cat","embeddable":true,"href":"https:\/\/finstrategia.com\/en\/wp-json\/wp\/v2\/product_cat?post=5399"},{"taxonomy":"product_tag","embeddable":true,"href":"https:\/\/finstrategia.com\/en\/wp-json\/wp\/v2\/product_tag?post=5399"}],"curies":[{"name":"wp","href":"https:\/\/api.w.org\/{rel}","templated":true}]}}