{"id":5397,"date":"2025-02-27T15:38:20","date_gmt":"2025-02-27T15:38:20","guid":{"rendered":"https:\/\/finstrategia.com\/?post_type=product&#038;p=5397"},"modified":"2025-03-23T11:26:32","modified_gmt":"2025-03-23T11:26:32","slug":"premium","status":"publish","type":"product","link":"https:\/\/finstrategia.com\/en\/product\/premium\/","title":{"rendered":"Ambassadeurs LEADER : Premium"},"content":{"rendered":"<p>Cr\u00e9ation d\u2019une soci\u00e9t\u00e9 GBC 2 \u00e0 l\u2019\u00eele Maurice, avec optimisation fiscale, gestion internationale des finances, et support complet pour les entreprises \u00e0 l\u2019\u00e9chelle mondiale.<\/p>","protected":false},"excerpt":{"rendered":"<p>Pour les ambassadeurs LEADER<\/p>","protected":false},"featured_media":5086,"comment_status":"open","ping_status":"closed","template":"","meta":{"_acf_changed":false},"product_brand":[],"product_cat":[42],"product_tag":[],"class_list":{"0":"post-5397","1":"product","2":"type-product","3":"status-publish","4":"has-post-thumbnail","6":"product_cat-ambassadeurs-leader","8":"first","9":"instock","10":"shipping-taxable","11":"purchasable","12":"product-type-simple"},"acf":[],"_links":{"self":[{"href":"https:\/\/finstrategia.com\/en\/wp-json\/wp\/v2\/product\/5397","targetHints":{"allow":["GET"]}}],"collection":[{"href":"https:\/\/finstrategia.com\/en\/wp-json\/wp\/v2\/product"}],"about":[{"href":"https:\/\/finstrategia.com\/en\/wp-json\/wp\/v2\/types\/product"}],"replies":[{"embeddable":true,"href":"https:\/\/finstrategia.com\/en\/wp-json\/wp\/v2\/comments?post=5397"}],"wp:featuredmedia":[{"embeddable":true,"href":"https:\/\/finstrategia.com\/en\/wp-json\/wp\/v2\/media\/5086"}],"wp:attachment":[{"href":"https:\/\/finstrategia.com\/en\/wp-json\/wp\/v2\/media?parent=5397"}],"wp:term":[{"taxonomy":"product_brand","embeddable":true,"href":"https:\/\/finstrategia.com\/en\/wp-json\/wp\/v2\/product_brand?post=5397"},{"taxonomy":"product_cat","embeddable":true,"href":"https:\/\/finstrategia.com\/en\/wp-json\/wp\/v2\/product_cat?post=5397"},{"taxonomy":"product_tag","embeddable":true,"href":"https:\/\/finstrategia.com\/en\/wp-json\/wp\/v2\/product_tag?post=5397"}],"curies":[{"name":"wp","href":"https:\/\/api.w.org\/{rel}","templated":true}]}}