{"id":5175,"date":"2025-01-30T10:38:34","date_gmt":"2025-01-30T10:38:34","guid":{"rendered":"https:\/\/finstrategia.com\/?page_id=5175"},"modified":"2025-08-29T07:03:33","modified_gmt":"2025-08-29T07:03:33","slug":"welcoming-page","status":"publish","type":"page","link":"https:\/\/finstrategia.com\/en\/","title":{"rendered":"Welcoming page"},"content":{"rendered":"<p><section data-bb-version=\"5.4.4\" id=\"bt_bb_section69e221220ae92\" class=\"bt_bb_section bt_bb_color_scheme_18 bt_bb_layout_boxed_1800_regular bt_bb_full_screen bt_bb_vertical_align_top bt_bb_top_spacing_extra_large bt_bb_bottom_spacing_none bt_bb_negative_margin_none bt_bb_background_image_position_top bt_bb_special_background\" style=\"; --section-primary-color:var(--beige-color); --section-secondary-color:var(--transparent-color);\" data-bt-override-class=\"{&quot;bt_bb_top_spacing_&quot;:{&quot;current_class&quot;:&quot;bt_bb_top_spacing_extra_large&quot;,&quot;def&quot;:&quot;extra_large&quot;,&quot;sm&quot;:&quot;large&quot;,&quot;xs&quot;:&quot;large&quot;},&quot;bt_bb_bottom_spacing_&quot;:{&quot;current_class&quot;:&quot;bt_bb_bottom_spacing_none&quot;,&quot;def&quot;:&quot;none&quot;},&quot;bt_bb_negative_margin_&quot;:{&quot;current_class&quot;:&quot;bt_bb_negative_margin_none&quot;,&quot;def&quot;:&quot;none&quot;}}\"><div class=\"bt_bb_background_image_holder_wrapper\"><div class=\"bt_bb_background_image_holder btLazyLoadBackground\"  data-background_image_src=\"https:\/\/finstrategia.com\/wp-content\/uploads\/2025\/08\/Untitled-3-1-e1756450043812.jpg\" data-parallax-zoom-start=\"1\" data-parallax-zoom-end=\"1\" data-parallax-blur-start=\"0\" data-parallax-blur-end=\"0\" data-parallax-opacity-start=\"1\" data-parallax-opacity-end=\"1\" style=\" background-image: url(&#039;https:\/\/finstrategia.com\/wp-content\/plugins\/bold-page-builder\/img\/blank.gif&#039;);\"><\/div><\/div><div class=\"bt_bb_port\"><div class=\"bt_bb_cell\"><div class=\"bt_bb_cell_inner\"><div data-bb-version=\"5.1.2\" class=\"bt_bb_row bt_bb_row_push_left bt_bb_content_wide bt_bb_row_width_boxed_1400 bt_bb_row_width_boxed\"  data-bt-override-class=\"{}\"><div class=\"bt_bb_row_holder\" ><div data-bb-version=\"5.1.2\"  class=\"bt_bb_column col-xxl-6 col-xl-6 col-xs-12 col-sm-12 col-md-12 col-lg-6 bt_bb_vertical_align_top bt_bb_align_left bt_bb_padding_none bt_bb_border_top_none bt_bb_border_bottom_none bt_bb_border_right_none bt_bb_border_left_none\" style=\"; --column-width:6;\" data-width=\"6\" data-bt-override-class=\"{&quot;bt_bb_align_&quot;:{&quot;current_class&quot;:&quot;bt_bb_align_left&quot;,&quot;def&quot;:&quot;left&quot;},&quot;bt_bb_padding_&quot;:{&quot;current_class&quot;:&quot;bt_bb_padding_none&quot;,&quot;def&quot;:&quot;none&quot;},&quot;bt_bb_border_top_&quot;:{&quot;current_class&quot;:&quot;bt_bb_border_top_none&quot;,&quot;def&quot;:&quot;none&quot;},&quot;bt_bb_border_bottom_&quot;:{&quot;current_class&quot;:&quot;bt_bb_border_bottom_none&quot;,&quot;def&quot;:&quot;none&quot;},&quot;bt_bb_border_right_&quot;:{&quot;current_class&quot;:&quot;bt_bb_border_right_none&quot;,&quot;def&quot;:&quot;none&quot;},&quot;bt_bb_border_left_&quot;:{&quot;current_class&quot;:&quot;bt_bb_border_left_none&quot;,&quot;def&quot;:&quot;none&quot;}}\"><div class=\"bt_bb_column_content\"><div class=\"bt_bb_column_content_inner\"><header data-bb-version=\"5.4.4\" class=\"bt_bb_headline bt_bb_font_weight_bolder bt_bb_superheadline_font_weight_900 bt_bb_subheadline_font_weight_bolder bt_bb_subheadline_text_transform_capitalize bt_bb_dash_none bt_bb_subheadline bt_bb_size_extrasmall bt_bb_align_inherit bt_bb_heading_letter_spacing_5px btNoHeadline\" style=\";font-family:&#039;Bangers&#039;;color:rgb(242,242,242);border-color:rgb(242,242,242);\" data-bt-override-class=\"{&quot;bt_bb_size_&quot;:{&quot;current_class&quot;:&quot;bt_bb_size_extrasmall&quot;,&quot;def&quot;:&quot;extrasmall&quot;,&quot;xs&quot;:&quot;medium&quot;},&quot;bt_bb_align_&quot;:{&quot;current_class&quot;:&quot;bt_bb_align_inherit&quot;,&quot;def&quot;:&quot;inherit&quot;}}\"><div class=\"bt_bb_headline_subheadline\">R\u00e9volutionnez votre gestion comptable avec FINSTRATEGIA.<br \/><br \/>\nFINSTRATEGIA, c'est bien plus qu\u2019un cabinet : c'est votre partenaire strat\u00e9gique d'exception. Pionniers dans l\u2019adaptation de l\u2019expertise comptable aux entreprises et aux professionnels du marketing multiniveau, nous transformons chaque chiffre en un levier de croissance. Engag\u00e9s envers des valeurs humaines et un accompagnement personnalis\u00e9, nous rendons l'expertise accessible et cr\u00e9atrice de valeur pour toutes les entreprises, des startups aux multinationales.<\/div><\/header><\/div><\/div><\/div><div data-bb-version=\"5.2.1\"  class=\"bt_bb_column col-xxl-6 col-xl-6 col-xs-12 col-sm-12 col-md-12 col-lg-6 bt_bb_vertical_align_middle bt_bb_align_left bt_bb_padding_none bt_bb_border_top_none bt_bb_border_bottom_none bt_bb_border_right_none bt_bb_border_left_none bt_bb_animation_fade_in animate bt_bb_border_top_none bt_bb_border_bottom_none bt_bb_border_right_none bt_bb_border_left_none\" style=\"; --column-width:6;\" data-width=\"6\" data-bt-override-class=\"{&quot;bt_bb_align_&quot;:{&quot;current_class&quot;:&quot;bt_bb_align_left&quot;,&quot;def&quot;:&quot;left&quot;},&quot;bt_bb_padding_&quot;:{&quot;current_class&quot;:&quot;bt_bb_padding_none&quot;,&quot;def&quot;:&quot;none&quot;},&quot;bt_bb_border_top_&quot;:{&quot;current_class&quot;:&quot;bt_bb_border_top_none&quot;,&quot;def&quot;:&quot;none&quot;},&quot;bt_bb_border_bottom_&quot;:{&quot;current_class&quot;:&quot;bt_bb_border_bottom_none&quot;,&quot;def&quot;:&quot;none&quot;},&quot;bt_bb_border_right_&quot;:{&quot;current_class&quot;:&quot;bt_bb_border_right_none&quot;,&quot;def&quot;:&quot;none&quot;},&quot;bt_bb_border_left_&quot;:{&quot;current_class&quot;:&quot;bt_bb_border_left_none&quot;,&quot;def&quot;:&quot;none&quot;}}\"><div class=\"bt_bb_column_content\"><div class=\"bt_bb_column_content_inner\"><div data-bb-version=\"5.2.1\" class=\"bt_bb_separator_v2 bt_bb_border_style_none bt_bb_top_spacing_none bt_bb_bottom_spacing_medium bt_bb_border_thickness_1 bt_bb_icon_size_normal bt_bb_text_size_normal bt_bb_separator_v2_without_content\" data-bt-override-class=\"{&quot;bt_bb_top_spacing_&quot;:{&quot;current_class&quot;:&quot;bt_bb_top_spacing_none&quot;,&quot;def&quot;:&quot;none&quot;,&quot;md&quot;:&quot;medium&quot;,&quot;sm&quot;:&quot;medium&quot;,&quot;xs&quot;:&quot;medium&quot;},&quot;bt_bb_bottom_spacing_&quot;:{&quot;current_class&quot;:&quot;bt_bb_bottom_spacing_medium&quot;,&quot;def&quot;:&quot;medium&quot;,&quot;md&quot;:&quot;large&quot;,&quot;sm&quot;:&quot;large&quot;,&quot;xs&quot;:&quot;large&quot;},&quot;bt_bb_border_thickness_&quot;:{&quot;current_class&quot;:&quot;bt_bb_border_thickness_1&quot;,&quot;def&quot;:&quot;1&quot;},&quot;bt_bb_icon_size_&quot;:{&quot;current_class&quot;:&quot;bt_bb_icon_size_normal&quot;,&quot;def&quot;:&quot;normal&quot;},&quot;bt_bb_text_size_&quot;:{&quot;current_class&quot;:&quot;bt_bb_text_size_normal&quot;,&quot;def&quot;:&quot;normal&quot;}}\"><div class=\"bt_bb_separator_v2_inner\"><span class=\"bt_bb_separator_v2_inner_before\"><\/span><span class=\"bt_bb_separator_v2_inner_content\"><span  data-ico-=\"\" class=\"bt_bb_icon_holder\"><\/span><\/span><span class=\"bt_bb_separator_v2_inner_after\"><\/span><\/div><\/div><div data-bb-version=\"5.1.2\" class=\"bt_bb_separator_v2 bt_bb_border_style_none bt_bb_top_spacing_none bt_bb_bottom_spacing_medium bt_bb_border_thickness_1 bt_bb_icon_size_normal bt_bb_text_size_normal bt_bb_separator_v2_without_content\" data-bt-override-class=\"{&quot;bt_bb_top_spacing_&quot;:{&quot;current_class&quot;:&quot;bt_bb_top_spacing_none&quot;,&quot;def&quot;:&quot;none&quot;},&quot;bt_bb_bottom_spacing_&quot;:{&quot;current_class&quot;:&quot;bt_bb_bottom_spacing_medium&quot;,&quot;def&quot;:&quot;medium&quot;},&quot;bt_bb_border_thickness_&quot;:{&quot;current_class&quot;:&quot;bt_bb_border_thickness_1&quot;,&quot;def&quot;:&quot;1&quot;},&quot;bt_bb_icon_size_&quot;:{&quot;current_class&quot;:&quot;bt_bb_icon_size_normal&quot;,&quot;def&quot;:&quot;normal&quot;},&quot;bt_bb_text_size_&quot;:{&quot;current_class&quot;:&quot;bt_bb_text_size_normal&quot;,&quot;def&quot;:&quot;normal&quot;}}\"><div class=\"bt_bb_separator_v2_inner\"><span class=\"bt_bb_separator_v2_inner_before\"><\/span><span class=\"bt_bb_separator_v2_inner_content\"><span  data-ico-=\"\" class=\"bt_bb_icon_holder\"><\/span><\/span><span class=\"bt_bb_separator_v2_inner_after\"><\/span><\/div><\/div><div data-bb-version=\"5.1.2\" class=\"bt_bb_separator_v2 bt_bb_border_style_none bt_bb_top_spacing_none bt_bb_bottom_spacing_small bt_bb_border_thickness_1 bt_bb_icon_size_normal bt_bb_text_size_normal bt_bb_separator_v2_without_content\" data-bt-override-class=\"{&quot;bt_bb_top_spacing_&quot;:{&quot;current_class&quot;:&quot;bt_bb_top_spacing_none&quot;,&quot;def&quot;:&quot;none&quot;},&quot;bt_bb_bottom_spacing_&quot;:{&quot;current_class&quot;:&quot;bt_bb_bottom_spacing_small&quot;,&quot;def&quot;:&quot;small&quot;,&quot;md&quot;:&quot;large&quot;,&quot;sm&quot;:&quot;large&quot;,&quot;xs&quot;:&quot;large&quot;},&quot;bt_bb_border_thickness_&quot;:{&quot;current_class&quot;:&quot;bt_bb_border_thickness_1&quot;,&quot;def&quot;:&quot;1&quot;},&quot;bt_bb_icon_size_&quot;:{&quot;current_class&quot;:&quot;bt_bb_icon_size_normal&quot;,&quot;def&quot;:&quot;normal&quot;},&quot;bt_bb_text_size_&quot;:{&quot;current_class&quot;:&quot;bt_bb_text_size_normal&quot;,&quot;def&quot;:&quot;normal&quot;}}\"><div class=\"bt_bb_separator_v2_inner\"><span class=\"bt_bb_separator_v2_inner_before\"><\/span><span class=\"bt_bb_separator_v2_inner_content\"><span  data-ico-=\"\" class=\"bt_bb_icon_holder\"><\/span><\/span><span class=\"bt_bb_separator_v2_inner_after\"><\/span><\/div><\/div><\/div><\/div><\/div><\/div><\/div><\/div><!-- cell_inner --><\/div><!-- cell --><\/div><!-- port --><\/section><section data-bb-version=\"5.4.4\" id=\"bt_bb_section69e221220b460\" class=\"bt_bb_section bt_bb_layout_boxed_1400 bt_bb_vertical_align_top bt_bb_top_spacing_none bt_bb_bottom_spacing_large bt_bb_negative_margin_none bt_bb_negative_margin_none bt_bb_shape_hard-rounded bt_bb_bottom_left_shape bt_bb_bottom_right_shape\" style=\"z-index: 2;;background-color:rgb(211,211,211);\" data-bt-override-class=\"{&quot;bt_bb_top_spacing_&quot;:{&quot;current_class&quot;:&quot;bt_bb_top_spacing_none&quot;,&quot;def&quot;:&quot;none&quot;},&quot;bt_bb_bottom_spacing_&quot;:{&quot;current_class&quot;:&quot;bt_bb_bottom_spacing_large&quot;,&quot;def&quot;:&quot;large&quot;},&quot;bt_bb_negative_margin_&quot;:{&quot;current_class&quot;:&quot;bt_bb_negative_margin_none&quot;,&quot;def&quot;:&quot;none&quot;}}\"><div class=\"bt_bb_port\"><div class=\"bt_bb_cell\"><div class=\"bt_bb_cell_inner\"><div data-bb-version=\"5.1.2\" class=\"bt_bb_row\"  data-bt-override-class=\"{}\"><div class=\"bt_bb_row_holder\" ><div data-bb-version=\"5.1.2\"  class=\"bt_bb_column col-xxl-6 col-xl-6 col-xs-12 col-sm-6 col-md-6 col-lg-6 bt_bb_vertical_align_top bt_bb_align_left bt_bb_padding_none bt_bb_border_top_none bt_bb_border_bottom_none bt_bb_border_right_none bt_bb_border_left_none bt_bb_animation_fade_in animate bt_bb_border_top_none bt_bb_border_bottom_none bt_bb_border_right_none bt_bb_border_left_none bt_bb_border_top_none bt_bb_border_bottom_none bt_bb_border_right_none bt_bb_border_left_none\" style=\"; --column-width:6;\" data-width=\"6\" data-bt-override-class=\"{&quot;bt_bb_align_&quot;:{&quot;current_class&quot;:&quot;bt_bb_align_left&quot;,&quot;def&quot;:&quot;left&quot;},&quot;bt_bb_padding_&quot;:{&quot;current_class&quot;:&quot;bt_bb_padding_none&quot;,&quot;def&quot;:&quot;none&quot;},&quot;bt_bb_border_top_&quot;:{&quot;current_class&quot;:&quot;bt_bb_border_top_none&quot;,&quot;def&quot;:&quot;none&quot;},&quot;bt_bb_border_bottom_&quot;:{&quot;current_class&quot;:&quot;bt_bb_border_bottom_none&quot;,&quot;def&quot;:&quot;none&quot;},&quot;bt_bb_border_right_&quot;:{&quot;current_class&quot;:&quot;bt_bb_border_right_none&quot;,&quot;def&quot;:&quot;none&quot;},&quot;bt_bb_border_left_&quot;:{&quot;current_class&quot;:&quot;bt_bb_border_left_none&quot;,&quot;def&quot;:&quot;none&quot;}}\"><div class=\"bt_bb_column_content\"><div class=\"bt_bb_column_content_inner\"><div data-bb-version=\"5.1.3\" class=\"bt_bb_accordion bt_bb_style_outline bt_bb_shape_square bt_bb_font_weight_500\" style=\"--title-font:&#039;Manrope&#039;\"><div class=\"bt_bb_accordion_item\"><div class=\"bt_bb_accordion_item_title\"> Syst\u00e8me Francais<\/div><div class=\"bt_bb_accordion_item_content\"><div data-bb-version=\"5.1.3\"  class=\"bt_bb_text bt_bb_font_size_18px\" ><\/p>\n<p><strong> Vous avez trouv\u00e9 le partenaire id\u00e9al !<\/strong> B\u00e9n\u00e9ficiez d\u2019une expertise comptable sp\u00e9cialement con\u00e7ue pour les entreprises francophones. Profitez d\u2019un accompagnement personnalis\u00e9 et d\u2019une approche adapt\u00e9e \u00e0 votre unicit\u00e9.<\/p>\n<p>\n<\/div><div data-bb-version=\"5.1.3\" class=\"bt_bb_separator_v2 bt_bb_border_style_none bt_bb_top_spacing_none bt_bb_bottom_spacing_small bt_bb_border_thickness_1 bt_bb_icon_size_normal bt_bb_text_size_normal bt_bb_separator_v2_without_content\" data-bt-override-class=\"{&quot;bt_bb_top_spacing_&quot;:{&quot;current_class&quot;:&quot;bt_bb_top_spacing_none&quot;,&quot;def&quot;:&quot;none&quot;},&quot;bt_bb_bottom_spacing_&quot;:{&quot;current_class&quot;:&quot;bt_bb_bottom_spacing_small&quot;,&quot;def&quot;:&quot;small&quot;},&quot;bt_bb_border_thickness_&quot;:{&quot;current_class&quot;:&quot;bt_bb_border_thickness_1&quot;,&quot;def&quot;:&quot;1&quot;},&quot;bt_bb_icon_size_&quot;:{&quot;current_class&quot;:&quot;bt_bb_icon_size_normal&quot;,&quot;def&quot;:&quot;normal&quot;},&quot;bt_bb_text_size_&quot;:{&quot;current_class&quot;:&quot;bt_bb_text_size_normal&quot;,&quot;def&quot;:&quot;normal&quot;}}\"><div class=\"bt_bb_separator_v2_inner\"><span class=\"bt_bb_separator_v2_inner_before\"><\/span><span class=\"bt_bb_separator_v2_inner_content\"><span  data-ico-=\"\" class=\"bt_bb_icon_holder\"><\/span><\/span><span class=\"bt_bb_separator_v2_inner_after\"><\/span><\/div><\/div><div data-bb-version=\"5.2.5\" class=\"bt_bb_button bt_bb_color_scheme_14 bt_bb_icon_position_right bt_bb_style_filled bt_bb_size_medium bt_bb_width_inline bt_bb_shape_inherit bt_bb_target_self bt_bb_text_transform_inherit bt_bb_align_inherit\" style=\"; --primary-color:var(--accent-color); --secondary-color:var(--alternate-color);\" data-bt-override-class=\"{&quot;bt_bb_size_&quot;:{&quot;current_class&quot;:&quot;bt_bb_size_medium&quot;,&quot;def&quot;:&quot;medium&quot;},&quot;bt_bb_align_&quot;:{&quot;current_class&quot;:&quot;bt_bb_align_inherit&quot;,&quot;def&quot;:&quot;inherit&quot;},&quot;bt_bb_animation_&quot;:{&quot;current_class&quot;:&quot;bt_bb_animation_no_animation&quot;,&quot;def&quot;:&quot;no_animation&quot;}}\"><a href=\"https:\/\/finstrategia.com\/en\/home\/\" target=\"_self\" class=\"bt_bb_link\" title=\"Portail Fran\u00e7ais\"><span class=\"bt_bb_button_text\" >Portail Fran\u00e7ais<\/span><span  data-ico-remixicon=\"&#xea70;\" class=\"bt_bb_icon_holder\"><\/span><\/a><\/div><\/div><\/div><\/div><\/div><\/div><\/div><div data-bb-version=\"5.1.2\"  class=\"bt_bb_column col-xxl-6 col-xl-6 col-xs-12 col-sm-6 col-md-6 col-lg-6 bt_bb_vertical_align_top bt_bb_align_left bt_bb_padding_none bt_bb_border_top_none bt_bb_border_bottom_none bt_bb_border_right_none bt_bb_border_left_none bt_bb_animation_fade_in animate bt_bb_border_top_none bt_bb_border_bottom_none bt_bb_border_right_none bt_bb_border_left_none bt_bb_border_top_none bt_bb_border_bottom_none bt_bb_border_right_none bt_bb_border_left_none bt_bb_border_top_none bt_bb_border_bottom_none bt_bb_border_right_none bt_bb_border_left_none\" style=\"; --column-width:6;\" data-width=\"6\" data-bt-override-class=\"{&quot;bt_bb_align_&quot;:{&quot;current_class&quot;:&quot;bt_bb_align_left&quot;,&quot;def&quot;:&quot;left&quot;},&quot;bt_bb_padding_&quot;:{&quot;current_class&quot;:&quot;bt_bb_padding_none&quot;,&quot;def&quot;:&quot;none&quot;},&quot;bt_bb_border_top_&quot;:{&quot;current_class&quot;:&quot;bt_bb_border_top_none&quot;,&quot;def&quot;:&quot;none&quot;},&quot;bt_bb_border_bottom_&quot;:{&quot;current_class&quot;:&quot;bt_bb_border_bottom_none&quot;,&quot;def&quot;:&quot;none&quot;},&quot;bt_bb_border_right_&quot;:{&quot;current_class&quot;:&quot;bt_bb_border_right_none&quot;,&quot;def&quot;:&quot;none&quot;},&quot;bt_bb_border_left_&quot;:{&quot;current_class&quot;:&quot;bt_bb_border_left_none&quot;,&quot;def&quot;:&quot;none&quot;}}\"><div class=\"bt_bb_column_content\"><div class=\"bt_bb_column_content_inner\"><div data-bb-version=\"5.1.3\" class=\"bt_bb_accordion bt_bb_style_outline bt_bb_shape_square bt_bb_font_weight_500\" style=\"--title-font:&#039;Manrope&#039;\"><div class=\"bt_bb_accordion_item\"><div class=\"bt_bb_accordion_item_title\">Syst\u00e8me International<\/div><div class=\"bt_bb_accordion_item_content\"><div data-bb-version=\"5.1.3\"  class=\"bt_bb_text bt_bb_font_size_18px\" ><\/p>\n<p><strong>Because your success deserves the best!<\/strong> Unlock world-class accounting expertise that adheres to international standards, offering strategic solutions specifically designed to elevate your business growth and financial stability.<\/p>\n<p>\n<\/div><div data-bb-version=\"5.1.3\" class=\"bt_bb_separator_v2 bt_bb_border_style_none bt_bb_top_spacing_none bt_bb_bottom_spacing_small bt_bb_border_thickness_1 bt_bb_icon_size_normal bt_bb_text_size_normal bt_bb_separator_v2_without_content\" data-bt-override-class=\"{&quot;bt_bb_top_spacing_&quot;:{&quot;current_class&quot;:&quot;bt_bb_top_spacing_none&quot;,&quot;def&quot;:&quot;none&quot;},&quot;bt_bb_bottom_spacing_&quot;:{&quot;current_class&quot;:&quot;bt_bb_bottom_spacing_small&quot;,&quot;def&quot;:&quot;small&quot;},&quot;bt_bb_border_thickness_&quot;:{&quot;current_class&quot;:&quot;bt_bb_border_thickness_1&quot;,&quot;def&quot;:&quot;1&quot;},&quot;bt_bb_icon_size_&quot;:{&quot;current_class&quot;:&quot;bt_bb_icon_size_normal&quot;,&quot;def&quot;:&quot;normal&quot;},&quot;bt_bb_text_size_&quot;:{&quot;current_class&quot;:&quot;bt_bb_text_size_normal&quot;,&quot;def&quot;:&quot;normal&quot;}}\"><div class=\"bt_bb_separator_v2_inner\"><span class=\"bt_bb_separator_v2_inner_before\"><\/span><span class=\"bt_bb_separator_v2_inner_content\"><span  data-ico-=\"\" class=\"bt_bb_icon_holder\"><\/span><\/span><span class=\"bt_bb_separator_v2_inner_after\"><\/span><\/div><\/div><div data-bb-version=\"5.2.5\" class=\"bt_bb_button bt_bb_color_scheme_14 bt_bb_icon_position_right bt_bb_style_filled bt_bb_size_medium bt_bb_width_inline bt_bb_shape_inherit bt_bb_target_self bt_bb_text_transform_inherit bt_bb_align_inherit\" style=\"; --primary-color:var(--accent-color); --secondary-color:var(--alternate-color);\" data-bt-override-class=\"{&quot;bt_bb_size_&quot;:{&quot;current_class&quot;:&quot;bt_bb_size_medium&quot;,&quot;def&quot;:&quot;medium&quot;},&quot;bt_bb_align_&quot;:{&quot;current_class&quot;:&quot;bt_bb_align_inherit&quot;,&quot;def&quot;:&quot;inherit&quot;},&quot;bt_bb_animation_&quot;:{&quot;current_class&quot;:&quot;bt_bb_animation_no_animation&quot;,&quot;def&quot;:&quot;no_animation&quot;}}\"><a href=\"https:\/\/finstrategia.com\/en\/home\/\" target=\"_self\" class=\"bt_bb_link\" title=\"International Portal\"><span class=\"bt_bb_button_text\" >International Portal<\/span><span  data-ico-remixicon=\"&#xea70;\" class=\"bt_bb_icon_holder\"><\/span><\/a><\/div><\/div><\/div><\/div><\/div><\/div><\/div><\/div><\/div><\/div><!-- cell_inner --><\/div><!-- cell --><\/div><!-- port --><\/section><\/p>","protected":false},"excerpt":{"rendered":"","protected":false},"author":1,"featured_media":0,"parent":0,"menu_order":0,"comment_status":"closed","ping_status":"closed","template":"","meta":{"_acf_changed":false,"footnotes":""},"class_list":["post-5175","page","type-page","status-publish","hentry"],"acf":[],"_links":{"self":[{"href":"https:\/\/finstrategia.com\/en\/wp-json\/wp\/v2\/pages\/5175","targetHints":{"allow":["GET"]}}],"collection":[{"href":"https:\/\/finstrategia.com\/en\/wp-json\/wp\/v2\/pages"}],"about":[{"href":"https:\/\/finstrategia.com\/en\/wp-json\/wp\/v2\/types\/page"}],"author":[{"embeddable":true,"href":"https:\/\/finstrategia.com\/en\/wp-json\/wp\/v2\/users\/1"}],"replies":[{"embeddable":true,"href":"https:\/\/finstrategia.com\/en\/wp-json\/wp\/v2\/comments?post=5175"}],"version-history":[{"count":45,"href":"https:\/\/finstrategia.com\/en\/wp-json\/wp\/v2\/pages\/5175\/revisions"}],"predecessor-version":[{"id":5718,"href":"https:\/\/finstrategia.com\/en\/wp-json\/wp\/v2\/pages\/5175\/revisions\/5718"}],"wp:attachment":[{"href":"https:\/\/finstrategia.com\/en\/wp-json\/wp\/v2\/media?parent=5175"}],"curies":[{"name":"wp","href":"https:\/\/api.w.org\/{rel}","templated":true}]}}