{"id":13,"date":"2018-09-10T12:48:22","date_gmt":"2018-09-10T12:48:22","guid":{"rendered":"http:\/\/law-firm.bold-themes.com\/master-import\/?page_id=13"},"modified":"2026-02-12T08:44:54","modified_gmt":"2026-02-12T08:44:54","slug":"contact","status":"publish","type":"page","link":"https:\/\/finstrategia.com\/en\/nous-connaitre\/contact\/","title":{"rendered":"Contact"},"content":{"rendered":"<p><section data-bb-version=\"5.1.6\" id=\"bt_bb_section69e236fcbddbe\" class=\"bt_bb_section bt_bb_color_scheme_16 bt_bb_layout_boxed_1400 bt_bb_vertical_align_top bt_bb_top_spacing_large bt_bb_bottom_spacing_none bt_bb_negative_margin_none\" style=\"; --section-primary-color:var(--accent-color); --section-secondary-color:var(--transparent-color);\" data-bt-override-class=\"{&quot;bt_bb_top_spacing_&quot;:{&quot;current_class&quot;:&quot;bt_bb_top_spacing_large&quot;,&quot;def&quot;:&quot;large&quot;,&quot;sm&quot;:&quot;medium&quot;,&quot;xs&quot;:&quot;medium&quot;},&quot;bt_bb_bottom_spacing_&quot;:{&quot;current_class&quot;:&quot;bt_bb_bottom_spacing_none&quot;,&quot;def&quot;:&quot;none&quot;},&quot;bt_bb_negative_margin_&quot;:{&quot;current_class&quot;:&quot;bt_bb_negative_margin_none&quot;,&quot;def&quot;:&quot;none&quot;}}\"><div class=\"bt_bb_background_image_holder_wrapper\"><div class=\"bt_bb_background_image_holder btLazyLoadBackground\"  data-background_image_src=\"https:\/\/finstrategia.com\/wp-content\/uploads\/2024\/09\/card_image_06-e1742731158468.jpg\" data-parallax-zoom-start=\"1\" data-parallax-zoom-end=\"1\" data-parallax-blur-start=\"0\" data-parallax-blur-end=\"0\" data-parallax-opacity-start=\"1\" data-parallax-opacity-end=\"1\" style=\" background-image: url(&#039;https:\/\/finstrategia.com\/wp-content\/plugins\/bold-page-builder\/img\/blank.gif&#039;);\"><\/div><\/div><div class=\"bt_bb_port\"><div class=\"bt_bb_cell\"><div class=\"bt_bb_cell_inner\"><div data-bb-version=\"5.2.0\" class=\"bt_bb_row\"  data-bt-override-class=\"{}\"><div class=\"bt_bb_row_holder\" ><div data-bb-version=\"5.1.3\"  class=\"bt_bb_column col-xxl-2 col-xl-2 col-xs-12 col-sm-12 col-md-12 col-lg-2 bt_bb_vertical_align_top bt_bb_align_left bt_bb_padding_normal\" style=\"; --column-width:2;\" data-width=\"2\" data-bt-override-class=\"{}\"><div class=\"bt_bb_column_content\"><div class=\"bt_bb_column_content_inner\"><\/div><\/div><\/div><div data-bb-version=\"5.2.0\"  class=\"bt_bb_column col-xxl-8 col-xl-8 col-xs-12 col-sm-12 col-md-12 col-lg-8 bt_bb_vertical_align_top bt_bb_align_center bt_bb_padding_none bt_bb_border_top_none bt_bb_border_bottom_none bt_bb_border_right_none bt_bb_border_left_none bt_bb_animation_fade_in animate bt_bb_border_top_none bt_bb_border_bottom_none bt_bb_border_right_none bt_bb_border_left_none\" style=\"; --column-width:8;\" data-width=\"8\" data-bt-override-class=\"{&quot;bt_bb_align_&quot;:{&quot;current_class&quot;:&quot;bt_bb_align_center&quot;,&quot;def&quot;:&quot;center&quot;},&quot;bt_bb_padding_&quot;:{&quot;current_class&quot;:&quot;bt_bb_padding_none&quot;,&quot;def&quot;:&quot;none&quot;},&quot;bt_bb_border_top_&quot;:{&quot;current_class&quot;:&quot;bt_bb_border_top_none&quot;,&quot;def&quot;:&quot;none&quot;},&quot;bt_bb_border_bottom_&quot;:{&quot;current_class&quot;:&quot;bt_bb_border_bottom_none&quot;,&quot;def&quot;:&quot;none&quot;},&quot;bt_bb_border_right_&quot;:{&quot;current_class&quot;:&quot;bt_bb_border_right_none&quot;,&quot;def&quot;:&quot;none&quot;},&quot;bt_bb_border_left_&quot;:{&quot;current_class&quot;:&quot;bt_bb_border_left_none&quot;,&quot;def&quot;:&quot;none&quot;}}\"><div class=\"bt_bb_column_content\"><div class=\"bt_bb_column_content_inner\"><header data-bb-version=\"5.2.0\" class=\"bt_bb_headline bt_bb_dash_top bt_bb_size_small bt_bb_align_inherit\" style=\";color:rgb(255,255,255);border-color:rgb(255,255,255);\" data-bt-override-class=\"{&quot;bt_bb_size_&quot;:{&quot;current_class&quot;:&quot;bt_bb_size_small&quot;,&quot;def&quot;:&quot;small&quot;,&quot;xs&quot;:&quot;normal&quot;},&quot;bt_bb_align_&quot;:{&quot;current_class&quot;:&quot;bt_bb_align_inherit&quot;,&quot;def&quot;:&quot;inherit&quot;}}\"><h2 class=\"bt_bb_headline_tag\"><span class=\"bt_bb_headline_content\"><span>Assurez votre avenir avec nos offres financi\u00e8res adapt\u00e9es \u00e0 vos besoins<\/span><\/span><\/h2><\/header><div data-bb-version=\"5.1.6\" class=\"bt_bb_separator_v2 bt_bb_border_style_none bt_bb_top_spacing_none bt_bb_bottom_spacing_large bt_bb_border_thickness_1 bt_bb_icon_size_normal bt_bb_text_size_normal bt_bb_separator_v2_without_content\" data-bt-override-class=\"{&quot;bt_bb_top_spacing_&quot;:{&quot;current_class&quot;:&quot;bt_bb_top_spacing_none&quot;,&quot;def&quot;:&quot;none&quot;},&quot;bt_bb_bottom_spacing_&quot;:{&quot;current_class&quot;:&quot;bt_bb_bottom_spacing_large&quot;,&quot;def&quot;:&quot;large&quot;,&quot;sm&quot;:&quot;medium&quot;,&quot;xs&quot;:&quot;medium&quot;},&quot;bt_bb_border_thickness_&quot;:{&quot;current_class&quot;:&quot;bt_bb_border_thickness_1&quot;,&quot;def&quot;:&quot;1&quot;},&quot;bt_bb_icon_size_&quot;:{&quot;current_class&quot;:&quot;bt_bb_icon_size_normal&quot;,&quot;def&quot;:&quot;normal&quot;},&quot;bt_bb_text_size_&quot;:{&quot;current_class&quot;:&quot;bt_bb_text_size_normal&quot;,&quot;def&quot;:&quot;normal&quot;}}\"><div class=\"bt_bb_separator_v2_inner\"><span class=\"bt_bb_separator_v2_inner_before\"><\/span><span class=\"bt_bb_separator_v2_inner_content\"><span  data-ico-=\"\" class=\"bt_bb_icon_holder\"><\/span><\/span><span class=\"bt_bb_separator_v2_inner_after\"><\/span><\/div><\/div><\/div><\/div><\/div><div data-bb-version=\"5.1.3\"  class=\"bt_bb_column col-xxl-2 col-xl-2 col-xs-12 col-sm-12 col-md-12 col-lg-2 bt_bb_vertical_align_top bt_bb_align_left bt_bb_padding_normal\" style=\"; --column-width:2;\" data-width=\"2\" data-bt-override-class=\"{}\"><div class=\"bt_bb_column_content\"><div class=\"bt_bb_column_content_inner\"><\/div><\/div><\/div><\/div><\/div><\/div><!-- cell_inner --><\/div><!-- cell --><\/div><!-- port --><\/section><section data-bb-version=\"5.1.6\" id=\"bt_bb_section69e236fcbe487\" class=\"bt_bb_section bt_bb_layout_boxed_1400 bt_bb_vertical_align_top bt_bb_top_spacing_small bt_bb_bottom_spacing_none bt_bb_negative_margin_none bt_bb_negative_margin_none\"  data-bt-override-class=\"{&quot;bt_bb_top_spacing_&quot;:{&quot;current_class&quot;:&quot;bt_bb_top_spacing_small&quot;,&quot;def&quot;:&quot;small&quot;},&quot;bt_bb_bottom_spacing_&quot;:{&quot;current_class&quot;:&quot;bt_bb_bottom_spacing_none&quot;,&quot;def&quot;:&quot;none&quot;},&quot;bt_bb_negative_margin_&quot;:{&quot;current_class&quot;:&quot;bt_bb_negative_margin_none&quot;,&quot;def&quot;:&quot;none&quot;}}\"><div class=\"bt_bb_port\"><div class=\"bt_bb_cell\"><div class=\"bt_bb_cell_inner\"><div data-bb-version=\"5.1.6\" class=\"bt_bb_row\"  data-bt-override-class=\"{}\"><div class=\"bt_bb_row_holder\" ><div data-bb-version=\"5.1.6\"  class=\"bt_bb_column col-xxl-4 col-xl-4 col-xs-12 col-sm-12 col-md-12 col-lg-4 bt_bb_vertical_align_top bt_bb_align_left bt_bb_padding_none bt_bb_border_top_none bt_bb_border_bottom_none bt_bb_border_right_none bt_bb_border_left_yes bt_bb_animation_fade_in animate bt_bb_border_top_none bt_bb_border_bottom_none bt_bb_border_right_none bt_bb_border_left_yes bt_bb_border_top_none bt_bb_border_bottom_none bt_bb_border_right_none bt_bb_border_left_yes bt_bb_border_top_none bt_bb_border_bottom_none bt_bb_border_right_none bt_bb_border_left_yes\" style=\"; --column-width:4;\" data-width=\"4\" data-bt-override-class=\"{&quot;bt_bb_align_&quot;:{&quot;current_class&quot;:&quot;bt_bb_align_left&quot;,&quot;def&quot;:&quot;left&quot;},&quot;bt_bb_padding_&quot;:{&quot;current_class&quot;:&quot;bt_bb_padding_none&quot;,&quot;def&quot;:&quot;none&quot;},&quot;bt_bb_border_top_&quot;:{&quot;current_class&quot;:&quot;bt_bb_border_top_none&quot;,&quot;def&quot;:&quot;none&quot;},&quot;bt_bb_border_bottom_&quot;:{&quot;current_class&quot;:&quot;bt_bb_border_bottom_none&quot;,&quot;def&quot;:&quot;none&quot;},&quot;bt_bb_border_right_&quot;:{&quot;current_class&quot;:&quot;bt_bb_border_right_none&quot;,&quot;def&quot;:&quot;none&quot;},&quot;bt_bb_border_left_&quot;:{&quot;current_class&quot;:&quot;bt_bb_border_left_yes&quot;,&quot;def&quot;:&quot;yes&quot;}}\"><div class=\"bt_bb_column_content\"><div class=\"bt_bb_column_content_inner\"><div data-bb-version=\"5.1.6\" class=\"bt_bb_service bt_bb_color_scheme_1 bt_bb_style_borderless bt_bb_size_small bt_bb_shape_square bt_bb_target_self bt_bb_align_inherit\" style=\"; --primary-color:var(--accent-color); --secondary-color:var(--light-color);\" data-bt-override-class=\"{&quot;bt_bb_size_&quot;:{&quot;current_class&quot;:&quot;bt_bb_size_small&quot;,&quot;def&quot;:&quot;small&quot;},&quot;bt_bb_align_&quot;:{&quot;current_class&quot;:&quot;bt_bb_align_inherit&quot;,&quot;def&quot;:&quot;inherit&quot;}}\"><span  data-ico-remixicon=\"&#xefe9;\" class=\"bt_bb_icon_holder\"><\/span><div class=\"bt_bb_service_content\"><div class=\"bt_bb_service_content_title\">Appelez-nous<\/div><div class=\"bt_bb_service_content_text\">Planifiez une consultation gratuite avec nos experts pour des conseils adapt\u00e9s \u00e0 vos besoins<\/p><br \/>\n<p><b>Lundi-Vendredi:9am to 5pm.<\/b><br \/><br \/>\n2680684<\/div><\/div><\/div><div data-bb-version=\"5.1.6\" class=\"bt_bb_separator_v2 bt_bb_border_style_none bt_bb_top_spacing_none bt_bb_bottom_spacing_none bt_bb_border_thickness_1 bt_bb_icon_size_normal bt_bb_text_size_normal bt_bb_separator_v2_without_content\" data-bt-override-class=\"{&quot;bt_bb_top_spacing_&quot;:{&quot;current_class&quot;:&quot;bt_bb_top_spacing_none&quot;,&quot;def&quot;:&quot;none&quot;},&quot;bt_bb_bottom_spacing_&quot;:{&quot;current_class&quot;:&quot;bt_bb_bottom_spacing_none&quot;,&quot;def&quot;:&quot;none&quot;,&quot;md&quot;:&quot;medium&quot;,&quot;sm&quot;:&quot;medium&quot;,&quot;xs&quot;:&quot;medium&quot;},&quot;bt_bb_border_thickness_&quot;:{&quot;current_class&quot;:&quot;bt_bb_border_thickness_1&quot;,&quot;def&quot;:&quot;1&quot;},&quot;bt_bb_icon_size_&quot;:{&quot;current_class&quot;:&quot;bt_bb_icon_size_normal&quot;,&quot;def&quot;:&quot;normal&quot;},&quot;bt_bb_text_size_&quot;:{&quot;current_class&quot;:&quot;bt_bb_text_size_normal&quot;,&quot;def&quot;:&quot;normal&quot;}}\"><div class=\"bt_bb_separator_v2_inner\"><span class=\"bt_bb_separator_v2_inner_before\"><\/span><span class=\"bt_bb_separator_v2_inner_content\"><span  data-ico-=\"\" class=\"bt_bb_icon_holder\"><\/span><\/span><span class=\"bt_bb_separator_v2_inner_after\"><\/span><\/div><\/div><\/div><\/div><\/div><div data-bb-version=\"5.1.6\"  class=\"bt_bb_column col-xxl-4 col-xl-4 col-xs-12 col-sm-12 col-md-12 col-lg-4 bt_bb_vertical_align_top bt_bb_align_left bt_bb_padding_none bt_bb_border_top_none bt_bb_border_bottom_none bt_bb_border_right_none bt_bb_border_left_yes bt_bb_animation_fade_in animate bt_bb_border_top_none bt_bb_border_bottom_none bt_bb_border_right_none bt_bb_border_left_yes bt_bb_border_top_none bt_bb_border_bottom_none bt_bb_border_right_none bt_bb_border_left_yes bt_bb_border_top_none bt_bb_border_bottom_none bt_bb_border_right_none bt_bb_border_left_yes bt_bb_border_top_none bt_bb_border_bottom_none bt_bb_border_right_none bt_bb_border_left_yes\" style=\"; --column-width:4;\" data-width=\"4\" data-bt-override-class=\"{&quot;bt_bb_align_&quot;:{&quot;current_class&quot;:&quot;bt_bb_align_left&quot;,&quot;def&quot;:&quot;left&quot;},&quot;bt_bb_padding_&quot;:{&quot;current_class&quot;:&quot;bt_bb_padding_none&quot;,&quot;def&quot;:&quot;none&quot;},&quot;bt_bb_border_top_&quot;:{&quot;current_class&quot;:&quot;bt_bb_border_top_none&quot;,&quot;def&quot;:&quot;none&quot;},&quot;bt_bb_border_bottom_&quot;:{&quot;current_class&quot;:&quot;bt_bb_border_bottom_none&quot;,&quot;def&quot;:&quot;none&quot;},&quot;bt_bb_border_right_&quot;:{&quot;current_class&quot;:&quot;bt_bb_border_right_none&quot;,&quot;def&quot;:&quot;none&quot;},&quot;bt_bb_border_left_&quot;:{&quot;current_class&quot;:&quot;bt_bb_border_left_yes&quot;,&quot;def&quot;:&quot;yes&quot;}}\"><div class=\"bt_bb_column_content\"><div class=\"bt_bb_column_content_inner\"><div data-bb-version=\"5.1.6\" class=\"bt_bb_service bt_bb_color_scheme_1 bt_bb_style_borderless bt_bb_size_small bt_bb_shape_square bt_bb_target_self bt_bb_align_inherit\" style=\"; --primary-color:var(--accent-color); --secondary-color:var(--light-color);\" data-bt-override-class=\"{&quot;bt_bb_size_&quot;:{&quot;current_class&quot;:&quot;bt_bb_size_small&quot;,&quot;def&quot;:&quot;small&quot;},&quot;bt_bb_align_&quot;:{&quot;current_class&quot;:&quot;bt_bb_align_inherit&quot;,&quot;def&quot;:&quot;inherit&quot;}}\"><span  data-ico-remixicon=\"&#xef0a;\" class=\"bt_bb_icon_holder\"><\/span><div class=\"bt_bb_service_content\"><div class=\"bt_bb_service_content_title\">Sur Rendez-Vous<\/div><div class=\"bt_bb_service_content_text\">Rendez-vous chez nous pour des conseils sur mesure et un soutien financier d'experts.<\/p><br \/>\n<p><b>Visitez notre bureau<\/b><br \/><br \/>\nChemin 20 Pieds, Grand Baie, Mauritius<\/div><\/div><\/div><div data-bb-version=\"5.1.6\" class=\"bt_bb_separator_v2 bt_bb_border_style_none bt_bb_top_spacing_none bt_bb_bottom_spacing_none bt_bb_border_thickness_1 bt_bb_icon_size_normal bt_bb_text_size_normal bt_bb_separator_v2_without_content\" data-bt-override-class=\"{&quot;bt_bb_top_spacing_&quot;:{&quot;current_class&quot;:&quot;bt_bb_top_spacing_none&quot;,&quot;def&quot;:&quot;none&quot;},&quot;bt_bb_bottom_spacing_&quot;:{&quot;current_class&quot;:&quot;bt_bb_bottom_spacing_none&quot;,&quot;def&quot;:&quot;none&quot;,&quot;md&quot;:&quot;medium&quot;,&quot;sm&quot;:&quot;medium&quot;,&quot;xs&quot;:&quot;medium&quot;},&quot;bt_bb_border_thickness_&quot;:{&quot;current_class&quot;:&quot;bt_bb_border_thickness_1&quot;,&quot;def&quot;:&quot;1&quot;},&quot;bt_bb_icon_size_&quot;:{&quot;current_class&quot;:&quot;bt_bb_icon_size_normal&quot;,&quot;def&quot;:&quot;normal&quot;},&quot;bt_bb_text_size_&quot;:{&quot;current_class&quot;:&quot;bt_bb_text_size_normal&quot;,&quot;def&quot;:&quot;normal&quot;}}\"><div class=\"bt_bb_separator_v2_inner\"><span class=\"bt_bb_separator_v2_inner_before\"><\/span><span class=\"bt_bb_separator_v2_inner_content\"><span  data-ico-=\"\" class=\"bt_bb_icon_holder\"><\/span><\/span><span class=\"bt_bb_separator_v2_inner_after\"><\/span><\/div><\/div><\/div><\/div><\/div><div data-bb-version=\"5.1.6\"  class=\"bt_bb_column col-xxl-4 col-xl-4 col-xs-12 col-sm-12 col-md-12 col-lg-4 bt_bb_vertical_align_top bt_bb_align_left bt_bb_padding_none bt_bb_border_top_none bt_bb_border_bottom_none bt_bb_border_right_none bt_bb_border_left_yes bt_bb_animation_fade_in animate bt_bb_border_top_none bt_bb_border_bottom_none bt_bb_border_right_none bt_bb_border_left_yes bt_bb_border_top_none bt_bb_border_bottom_none bt_bb_border_right_none bt_bb_border_left_yes bt_bb_border_top_none bt_bb_border_bottom_none bt_bb_border_right_none bt_bb_border_left_yes bt_bb_border_top_none bt_bb_border_bottom_none bt_bb_border_right_none bt_bb_border_left_yes bt_bb_border_top_none bt_bb_border_bottom_none bt_bb_border_right_none bt_bb_border_left_yes\" style=\"; --column-width:4;\" data-width=\"4\" data-bt-override-class=\"{&quot;bt_bb_align_&quot;:{&quot;current_class&quot;:&quot;bt_bb_align_left&quot;,&quot;def&quot;:&quot;left&quot;},&quot;bt_bb_padding_&quot;:{&quot;current_class&quot;:&quot;bt_bb_padding_none&quot;,&quot;def&quot;:&quot;none&quot;},&quot;bt_bb_border_top_&quot;:{&quot;current_class&quot;:&quot;bt_bb_border_top_none&quot;,&quot;def&quot;:&quot;none&quot;},&quot;bt_bb_border_bottom_&quot;:{&quot;current_class&quot;:&quot;bt_bb_border_bottom_none&quot;,&quot;def&quot;:&quot;none&quot;},&quot;bt_bb_border_right_&quot;:{&quot;current_class&quot;:&quot;bt_bb_border_right_none&quot;,&quot;def&quot;:&quot;none&quot;},&quot;bt_bb_border_left_&quot;:{&quot;current_class&quot;:&quot;bt_bb_border_left_yes&quot;,&quot;def&quot;:&quot;yes&quot;}}\"><div class=\"bt_bb_column_content\"><div class=\"bt_bb_column_content_inner\"><div data-bb-version=\"5.1.6\" class=\"bt_bb_service bt_bb_color_scheme_1 bt_bb_style_borderless bt_bb_size_small bt_bb_shape_square bt_bb_target_self bt_bb_align_inherit\" style=\"; --primary-color:var(--accent-color); --secondary-color:var(--light-color);\" data-bt-override-class=\"{&quot;bt_bb_size_&quot;:{&quot;current_class&quot;:&quot;bt_bb_size_small&quot;,&quot;def&quot;:&quot;small&quot;},&quot;bt_bb_align_&quot;:{&quot;current_class&quot;:&quot;bt_bb_align_inherit&quot;,&quot;def&quot;:&quot;inherit&quot;}}\"><span  data-ico-remixicon=\"&#xef44;\" class=\"bt_bb_icon_holder\"><\/span><div class=\"bt_bb_service_content\"><div class=\"bt_bb_service_content_title\">Envoyez-nous un message<\/div><div class=\"bt_bb_service_content_text\">Obtenez des conseils sur mesure de la part de nos experts financiers en toute simplicit\u00e9.<\/div><\/div><\/div><div data-bb-version=\"5.1.6\" class=\"bt_bb_separator_v2 bt_bb_border_style_none bt_bb_top_spacing_none bt_bb_bottom_spacing_normal bt_bb_border_thickness_1 bt_bb_icon_size_normal bt_bb_text_size_normal bt_bb_separator_v2_without_content\" data-bt-override-class=\"{&quot;bt_bb_top_spacing_&quot;:{&quot;current_class&quot;:&quot;bt_bb_top_spacing_none&quot;,&quot;def&quot;:&quot;none&quot;},&quot;bt_bb_bottom_spacing_&quot;:{&quot;current_class&quot;:&quot;bt_bb_bottom_spacing_normal&quot;,&quot;def&quot;:&quot;normal&quot;},&quot;bt_bb_border_thickness_&quot;:{&quot;current_class&quot;:&quot;bt_bb_border_thickness_1&quot;,&quot;def&quot;:&quot;1&quot;},&quot;bt_bb_icon_size_&quot;:{&quot;current_class&quot;:&quot;bt_bb_icon_size_normal&quot;,&quot;def&quot;:&quot;normal&quot;},&quot;bt_bb_text_size_&quot;:{&quot;current_class&quot;:&quot;bt_bb_text_size_normal&quot;,&quot;def&quot;:&quot;normal&quot;}}\"><div class=\"bt_bb_separator_v2_inner\"><span class=\"bt_bb_separator_v2_inner_before\"><\/span><span class=\"bt_bb_separator_v2_inner_content\"><span  data-ico-=\"\" class=\"bt_bb_icon_holder\"><\/span><\/span><span class=\"bt_bb_separator_v2_inner_after\"><\/span><\/div><\/div><div data-bb-version=\"5.1.6\" class=\"bt_bb_row_inner\"   data-bt-override-class=\"{}\"><div class=\"bt_bb_row_inner_holder\"  ><div data-bb-version=\"5.1.6\"  class=\"bt_bb_column_inner col-xxl-12 col-xl-12 col-xs-12 col-sm-12 col-md-12 col-lg-12 bt_bb_vertical_align_top bt_bb_align_left bt_bb_padding_50 bt_bb_border_top_none bt_bb_border_bottom_none bt_bb_border_right_none bt_bb_border_left_none\"  data-width=\"12\" data-bt-override-class=\"{&quot;bt_bb_align_&quot;:{&quot;current_class&quot;:&quot;bt_bb_align_left&quot;,&quot;def&quot;:&quot;left&quot;},&quot;bt_bb_padding_&quot;:{&quot;current_class&quot;:&quot;bt_bb_padding_50&quot;,&quot;def&quot;:&quot;50&quot;},&quot;bt_bb_border_top_&quot;:{&quot;current_class&quot;:&quot;bt_bb_border_top_none&quot;,&quot;def&quot;:&quot;none&quot;},&quot;bt_bb_border_bottom_&quot;:{&quot;current_class&quot;:&quot;bt_bb_border_bottom_none&quot;,&quot;def&quot;:&quot;none&quot;},&quot;bt_bb_border_right_&quot;:{&quot;current_class&quot;:&quot;bt_bb_border_right_none&quot;,&quot;def&quot;:&quot;none&quot;},&quot;bt_bb_border_left_&quot;:{&quot;current_class&quot;:&quot;bt_bb_border_left_none&quot;,&quot;def&quot;:&quot;none&quot;}}\"><div class=\"bt_bb_column_inner_content\"><div class=\"bt_bb_column_inner_content_inner\"><div data-bb-version=\"5.6.4\" class=\"bt_bb_button bt_bb_color_scheme_14 bt_bb_icon_position_left bt_bb_style_filled bt_bb_size_small bt_bb_width_inline bt_bb_shape_inherit bt_bb_target_self bt_bb_text_transform_inherit bt_bb_align_inherit\" style=\"; --primary-color:var(--accent-color); --secondary-color:var(--alternate-color);\" data-bt-override-class=\"{&quot;bt_bb_size_&quot;:{&quot;current_class&quot;:&quot;bt_bb_size_small&quot;,&quot;def&quot;:&quot;small&quot;},&quot;bt_bb_align_&quot;:{&quot;current_class&quot;:&quot;bt_bb_align_inherit&quot;,&quot;def&quot;:&quot;inherit&quot;}}\"><a href=\"mailto:finstrategia@willbenetwork.com\" target=\"_self\" class=\"bt_bb_link\" title=\"finstrategia.wb@gmail.com\"><span class=\"bt_bb_button_text\" >finstrategia.wb@gmail.com<\/span><\/a><\/div><\/div><\/div><\/div><\/div><\/div><\/div><\/div><\/div><\/div><\/div><\/div><!-- cell_inner --><\/div><!-- cell --><\/div><!-- port --><\/section><section data-bb-version=\"5.2.6\" id=\"bt_bb_section69e236fcbee31\" class=\"bt_bb_section bt_bb_layout_boxed_1200 bt_bb_top_spacing_small\"  data-bt-override-class=\"{&quot;bt_bb_top_spacing_&quot;:{&quot;current_class&quot;:&quot;bt_bb_top_spacing_small&quot;,&quot;def&quot;:&quot;small&quot;}}\"><div class=\"bt_bb_port\"><div class=\"bt_bb_cell\"><div class=\"bt_bb_cell_inner\"><div class=\"bt_bb_row\"  data-bt-override-class=\"{}\"><div class=\"bt_bb_row_holder\" ><div data-bb-version=\"5.2.6\"  class=\"bt_bb_column col-xxl-12 col-xl-12 col-xs-12 col-sm-12 col-md-12 col-lg-12 bt_bb_vertical_align_top bt_bb_align_left bt_bb_padding_normal\" style=\"; --column-width:12;\" data-width=\"12\" data-bt-override-class=\"{}\"><div class=\"bt_bb_column_content\"><div class=\"bt_bb_column_content_inner\"><div class=\"bt_bb_shortcode\">\n<div class=\"wpcf7 no-js\" id=\"wpcf7-f5573-o1\" lang=\"en\" dir=\"ltr\" data-wpcf7-id=\"5573\">\n<div class=\"screen-reader-response\"><p role=\"status\" aria-live=\"polite\" aria-atomic=\"true\"><\/p> <ul><\/ul><\/div>\n<form action=\"\/en\/wp-json\/wp\/v2\/pages\/13#wpcf7-f5573-o1\" method=\"post\" class=\"wpcf7-form init\" aria-label=\"Contact form\" novalidate=\"novalidate\" data-status=\"init\" data-trp-original-action=\"\/en\/wp-json\/wp\/v2\/pages\/13#wpcf7-f5573-o1\">\n<fieldset class=\"hidden-fields-container\"><input type=\"hidden\" name=\"_wpcf7\" value=\"5573\" \/><input type=\"hidden\" name=\"_wpcf7_version\" value=\"6.1.5\" \/><input type=\"hidden\" name=\"_wpcf7_locale\" value=\"en\" \/><input type=\"hidden\" name=\"_wpcf7_unit_tag\" value=\"wpcf7-f5573-o1\" \/><input type=\"hidden\" name=\"_wpcf7_container_post\" value=\"0\" \/><input type=\"hidden\" name=\"_wpcf7_posted_data_hash\" value=\"\" \/>\n<\/fieldset>\n<p><label> Your name<br \/>\n<span class=\"wpcf7-form-control-wrap\" data-name=\"your-name\"><input size=\"40\" maxlength=\"400\" class=\"wpcf7-form-control wpcf7-text wpcf7-validates-as-required\" autocomplete=\"name\" aria-required=\"true\" aria-invalid=\"false\" value=\"\" type=\"text\" name=\"your-name\" \/><\/span> <\/label>\n<\/p>\n<p><label> Your email<br \/>\n<span class=\"wpcf7-form-control-wrap\" data-name=\"your-email\"><input size=\"40\" maxlength=\"400\" class=\"wpcf7-form-control wpcf7-email wpcf7-validates-as-required wpcf7-text wpcf7-validates-as-email\" autocomplete=\"email\" aria-required=\"true\" aria-invalid=\"false\" value=\"\" type=\"email\" name=\"your-email\" \/><\/span> <\/label>\n<\/p>\n<p><label> Subject<br \/>\n<span class=\"wpcf7-form-control-wrap\" data-name=\"your-subject\"><input size=\"40\" maxlength=\"400\" class=\"wpcf7-form-control wpcf7-text wpcf7-validates-as-required\" aria-required=\"true\" aria-invalid=\"false\" value=\"\" type=\"text\" name=\"your-subject\" \/><\/span> <\/label>\n<\/p>\n<p><label> Your message (optional)<br \/>\n<span class=\"wpcf7-form-control-wrap\" data-name=\"your-message\"><textarea cols=\"40\" rows=\"10\" maxlength=\"2000\" class=\"wpcf7-form-control wpcf7-textarea\" aria-invalid=\"false\" name=\"your-message\"><\/textarea><\/span> <\/label>\n<\/p>\n<p><input class=\"wpcf7-form-control wpcf7-submit has-spinner\" type=\"submit\" value=\"Submit\" \/>\n<\/p><div class=\"wpcf7-response-output\" aria-hidden=\"true\"><\/div>\n<input type=\"hidden\" name=\"trp-form-language\" value=\"en\"\/><\/form>\n<\/div>\n<\/div><\/div><\/div><\/div><\/div><\/div><\/div><!-- cell_inner --><\/div><!-- cell --><\/div><!-- port --><\/section><\/p>","protected":false},"excerpt":{"rendered":"","protected":false},"author":2,"featured_media":0,"parent":11,"menu_order":0,"comment_status":"closed","ping_status":"closed","template":"","meta":{"_acf_changed":false,"footnotes":""},"class_list":["post-13","page","type-page","status-publish","hentry"],"acf":[],"_links":{"self":[{"href":"https:\/\/finstrategia.com\/en\/wp-json\/wp\/v2\/pages\/13","targetHints":{"allow":["GET"]}}],"collection":[{"href":"https:\/\/finstrategia.com\/en\/wp-json\/wp\/v2\/pages"}],"about":[{"href":"https:\/\/finstrategia.com\/en\/wp-json\/wp\/v2\/types\/page"}],"author":[{"embeddable":true,"href":"https:\/\/finstrategia.com\/en\/wp-json\/wp\/v2\/users\/2"}],"replies":[{"embeddable":true,"href":"https:\/\/finstrategia.com\/en\/wp-json\/wp\/v2\/comments?post=13"}],"version-history":[{"count":22,"href":"https:\/\/finstrategia.com\/en\/wp-json\/wp\/v2\/pages\/13\/revisions"}],"predecessor-version":[{"id":6765,"href":"https:\/\/finstrategia.com\/en\/wp-json\/wp\/v2\/pages\/13\/revisions\/6765"}],"up":[{"embeddable":true,"href":"https:\/\/finstrategia.com\/en\/wp-json\/wp\/v2\/pages\/11"}],"wp:attachment":[{"href":"https:\/\/finstrategia.com\/en\/wp-json\/wp\/v2\/media?parent=13"}],"curies":[{"name":"wp","href":"https:\/\/api.w.org\/{rel}","templated":true}]}}